                                                                                                                                                                                                                                                                                                                                                                                                                                                                   {"id":515,"date":"2016-05-11T13:49:10","date_gmt":"2016-05-11T13:49:10","guid":{"rendered":"http:\/\/wpoffice\/enfold-fitness\/?page_id=515"},"modified":"2023-01-17T18:09:30","modified_gmt":"2023-01-17T18:09:30","slug":"about-us","status":"publish","type":"page","link":"https:\/\/dulger.com.tr\/EN\/about-us\/","title":{"rendered":"ABOUT US"},"content":{"rendered":"<div id='1'  class='avia-section main_color avia-section-large avia-no-border-styling  avia-bg-style-scroll  avia-builder-el-0  el_before_av_layout_row  avia-builder-el-first   container_wrap fullsize' style=' '  ><div class='container' ><main  role=\"main\" itemprop=\"mainContentOfPage\"  class='template-page content  av-content-full alpha units'><div class='post-entry post-entry-type-page post-entry-515'><div class='entry-content-wrapper clearfix'>\n<div  style='padding-bottom:30px; font-size:70px;' class='av-special-heading av-special-heading-h1  blockquote modern-quote  avia-builder-el-1  el_before_av_one_half  avia-builder-el-first  av-thin-font av-inherit-size '><h1 class='av-special-heading-tag '  itemprop=\"headline\"  >ABOUT US<strong>.<\/strong><\/h1><div class='special-heading-border'><div class='special-heading-inner-border' ><\/div><\/div><\/div>\n<div class=\"flex_column av_one_half  flex_column_div av-zero-column-padding first  avia-builder-el-2  el_after_av_heading  el_before_av_one_half  \" style='border-radius:0px; '><section class=\"av_textblock_section \"  itemscope=\"itemscope\" itemtype=\"https:\/\/schema.org\/CreativeWork\" ><div class='avia_textblock  '   itemprop=\"text\" ><blockquote>\n<p>D\u00fclger Inc., started its activities as a Private Company with construction, Forest Products Manufacturing and Sales with 60 years of experience in the sector and has continued its activities as a Limited Liability Company in the 2000s.<\/p>\n<\/blockquote>\n<\/div><\/section><br \/>\n<div  style='height:30px' class='hr hr-invisible   avia-builder-el-4  el_after_av_textblock  avia-builder-el-last '><span class='hr-inner ' ><span class='hr-inner-style'><\/span><\/span><\/div><\/p><\/div><div class=\"flex_column av_one_half  flex_column_div av-zero-column-padding   avia-builder-el-5  el_after_av_one_half  el_before_av_one_half  \" style='border-radius:0px; '><div  class='avia-image-container  av-styling-    avia-builder-el-6  avia-builder-el-no-sibling  avia-align-center '  itemprop=\"image\" itemscope=\"itemscope\" itemtype=\"https:\/\/schema.org\/ImageObject\"  ><div class='avia-image-container-inner'><div class='avia-image-overlay-wrap'><img decoding=\"async\" class='wp-image-1002 avia-img-lazy-loading-not-1002 avia_image' src=\"https:\/\/dulger.com.tr\/EN\/wp-content\/uploads\/2023\/01\/2.jpg\" alt='' title='2' height=\"257\" width=\"800\"  itemprop=\"thumbnailUrl\" srcset=\"https:\/\/dulger.com.tr\/EN\/wp-content\/uploads\/2023\/01\/2.jpg 800w, https:\/\/dulger.com.tr\/EN\/wp-content\/uploads\/2023\/01\/2-300x96.jpg 300w, https:\/\/dulger.com.tr\/EN\/wp-content\/uploads\/2023\/01\/2-768x247.jpg 768w, https:\/\/dulger.com.tr\/EN\/wp-content\/uploads\/2023\/01\/2-705x226.jpg 705w\" sizes=\"(max-width: 800px) 100vw, 800px\" \/><\/div><\/div><\/div><\/div><div class=\"flex_column av_one_half  flex_column_div av-zero-column-padding first  avia-builder-el-7  el_after_av_one_half  el_before_av_one_half  column-top-margin\" style='border-radius:0px; '><div  class='avia-image-container  av-styling-    avia-builder-el-8  avia-builder-el-no-sibling  avia-align-center '  itemprop=\"image\" itemscope=\"itemscope\" itemtype=\"https:\/\/schema.org\/ImageObject\"  ><div class='avia-image-container-inner'><div class='avia-image-overlay-wrap'><img decoding=\"async\" class='wp-image-1003 avia-img-lazy-loading-not-1003 avia_image' src=\"https:\/\/dulger.com.tr\/EN\/wp-content\/uploads\/2023\/01\/1.jpg\" alt='' title='1' height=\"257\" width=\"800\"  itemprop=\"thumbnailUrl\" srcset=\"https:\/\/dulger.com.tr\/EN\/wp-content\/uploads\/2023\/01\/1.jpg 800w, https:\/\/dulger.com.tr\/EN\/wp-content\/uploads\/2023\/01\/1-300x96.jpg 300w, https:\/\/dulger.com.tr\/EN\/wp-content\/uploads\/2023\/01\/1-768x247.jpg 768w, https:\/\/dulger.com.tr\/EN\/wp-content\/uploads\/2023\/01\/1-705x226.jpg 705w\" sizes=\"(max-width: 800px) 100vw, 800px\" \/><\/div><\/div><\/div><\/div><div class=\"flex_column av_one_half  flex_column_div av-zero-column-padding   avia-builder-el-9  el_after_av_one_half  avia-builder-el-last  column-top-margin\" style='border-radius:0px; '><section class=\"av_textblock_section \"  itemscope=\"itemscope\" itemtype=\"https:\/\/schema.org\/CreativeWork\" ><div class='avia_textblock  '   itemprop=\"text\" ><blockquote>\n<p>Keeping up with the developing modern conditions, the D\u00fclger Inc. has started the production of Plywood on an area of 33,000 m2 in Industrial Organized Zone in \u00c7ank\u0131r\u0131,2013.<\/p>\n<\/blockquote>\n<\/div><\/section><br \/>\n<div  style='height:30px' class='hr hr-invisible   avia-builder-el-11  el_after_av_textblock  el_before_av_button '><span class='hr-inner ' ><span class='hr-inner-style'><\/span><\/span><\/div><br \/>\n<div  class='avia-button-wrap avia-button-left  avia-builder-el-12  el_after_av_hr  avia-builder-el-last ' ><a href='#4'  class='avia-button av-icon-on-hover avia-color-dark   avia-icon_select-yes-right-icon avia-size-large avia-position-left '   ><span class='avia_iconbox_title' >OUR CERTIFICATES<\/span><span class='avia_button_icon avia_button_icon_right' aria-hidden='true' data-av_icon='\ue879' data-av_iconfont='entypo-fontello'><\/span><\/a><\/div><\/p><\/div><\/div><\/div><\/main><!-- close content main element --><\/div><\/div><div id='2'  class='av-layout-grid-container entry-content-wrapper alternate_color av-flex-cells     avia-builder-el-13  el_after_av_section  el_before_av_layout_row  submenu-not-first container_wrap fullsize' style=' '  >\n<div class=\"flex_cell no_margin av_one_half  avia-builder-el-14  el_before_av_cell_one_half  avia-builder-el-first   avia-full-stretch av-zero-padding av-hide-on-mobile  \"  style='background:url(https:\/\/dulger.com.tr\/EN\/wp-content\/uploads\/2022\/12\/s3.jpg) center left no-repeat scroll; vertical-align:middle; padding:0px; ' ><div class='flex_cell_inner' ><\/div><\/div><div class=\"flex_cell no_margin av_one_half  avia-builder-el-15  el_after_av_cell_one_half  avia-builder-el-last  invalid-custom-class-found  \"  style='vertical-align:middle; padding:100px; ' ><div class='flex_cell_inner' ><p><div  id=\"\"  style='padding-bottom:20px; font-size:50px;' class='av-special-heading av-special-heading-h1  blockquote modern-quote  avia-builder-el-16  el_before_av_textblock  avia-builder-el-first  av-thin-font av-inherit-size '><h1 class='av-special-heading-tag '  itemprop=\"headline\"  >OUR VISION<strong>.<\/strong><\/h1><div class='special-heading-border'><div class='special-heading-inner-border' ><\/div><\/div><\/div><br \/>\n<section class=\"av_textblock_section \"  itemscope=\"itemscope\" itemtype=\"https:\/\/schema.org\/CreativeWork\" ><div class='avia_textblock  '   itemprop=\"text\" ><p>We aim to rapidly improve our current position in the Turkish Market, to become a demandable brand in the international platform, as well as, to lead the sustainable development of the human being.<\/p>\n<\/div><\/section><\/p>\n<\/div><\/div><\/div><div id='3'  class='av-layout-grid-container entry-content-wrapper alternate_color av-flex-cells     avia-builder-el-18  el_after_av_layout_row  el_before_av_layout_row  submenu-not-first container_wrap fullsize' style=' '  >\n<div class=\"flex_cell no_margin av_one_half  avia-builder-el-19  el_before_av_cell_one_half  avia-builder-el-first  invalid-custom-class-found  avia-full-stretch \"  style='vertical-align:middle; padding:100px; ' ><div class='flex_cell_inner' ><p><div  id=\"\"  style='padding-bottom:20px; font-size:50px;' class='av-special-heading av-special-heading-h1  blockquote modern-quote  avia-builder-el-20  el_before_av_textblock  avia-builder-el-first  av-thin-font av-inherit-size '><h1 class='av-special-heading-tag '  itemprop=\"headline\"  >OUR MISSION<strong>.<\/strong><\/h1><div class='special-heading-border'><div class='special-heading-inner-border' ><\/div><\/div><\/div><br \/>\n<section class=\"av_textblock_section \"  itemscope=\"itemscope\" itemtype=\"https:\/\/schema.org\/CreativeWork\" ><div class='avia_textblock  '   itemprop=\"text\" ><p>It is the primary policy of our company to produce products that meet the customer needs and fulfill customer satisfaction. Our main approach; In comply with the performance and safety standards, as well as being environmentalism and aesthetics, and is to develop those production philosophy with our experienced and qualified team.<\/p>\n<\/div><\/section><\/p>\n<\/div><\/div><div class=\"flex_cell no_margin av_one_half  avia-builder-el-22  el_after_av_cell_one_half  avia-builder-el-last   avia-full-stretch av-zero-padding \"  style='background:url(https:\/\/dulger.com.tr\/EN\/wp-content\/uploads\/2016\/05\/happy-carpenters-elbow-bumping-while-working-workshop-during-coronavirus-pandemic.jpg) center left no-repeat scroll; vertical-align:middle; padding:0px; ' ><div class='flex_cell_inner' ><\/div><\/div><\/div><div id='4'  class='av-layout-grid-container entry-content-wrapper alternate_color av-flex-cells     avia-builder-el-23  el_after_av_layout_row  avia-builder-el-last  submenu-not-first container_wrap fullsize' style=' '  >\n<div class=\"flex_cell no_margin av_one_full  avia-builder-el-24  avia-builder-el-no-sibling  invalid-custom-class-found  avia-full-stretch \"  style='background: #ffffff; vertical-align:middle; padding:100px; background-color:#ffffff; ' ><div class='flex_cell_inner' ><p><div  id=\"\"  style='padding-bottom:20px; color:#875548;font-size:50px;' class='av-special-heading av-special-heading-h1 custom-color-heading blockquote modern-quote  avia-builder-el-25  el_before_av_one_full  avia-builder-el-first  av-thin-font av-inherit-size '><h1 class='av-special-heading-tag '  itemprop=\"headline\"  >OUR CERTIFICATES<strong>.<\/strong><\/h1><div class='special-heading-border'><div class='special-heading-inner-border' style='border-color:#875548'><\/div><\/div><\/div><br \/>\n<div class=\"flex_column av_one_full  flex_column_div av-zero-column-padding first  avia-builder-el-26  el_after_av_heading  avia-builder-el-last  \" style='border-radius:0px; '><div id='av-masonry-1' class='av-masonry  noHover av-flex-size av-large-gap av-hover-overlay- av-masonry-animation-active av-masonry-col-3 av-caption-always av-caption-style- av-masonry-gallery      av-medium-columns-overwrite av-medium-columns-3 av-small-columns-overwrite av-small-columns-1 av-mini-columns-overwrite av-mini-columns-1' style='background-color:#321414; ' ><div class='av-masonry-container isotope av-js-disabled ' ><div class='av-masonry-entry isotope-item av-masonry-item-no-image '><\/div><a href=\"https:\/\/dulger.com.tr\/EN\/wp-content\/uploads\/2023\/01\/s1.jpg\"  aria-label=\"image s1\"  id='av-masonry-1-item-980' data-av-masonry-item='980' class='av-masonry-entry isotope-item post-980 attachment type-attachment status-inherit hentry  av-masonry-item-with-image' title=\"\" alt=\"\"   itemprop=\"thumbnailUrl\" ><div class='av-inner-masonry-sizer'><\/div><figure class='av-inner-masonry main_color'><div class=\"av-masonry-outerimage-container\"><div class=\"av-masonry-image-container\" ><img decoding=\"async\" width=\"498\" height=\"705\" class=\"wp-image-980 avia-img-lazy-loading-not-980\"  src=\"https:\/\/dulger.com.tr\/EN\/wp-content\/uploads\/2023\/01\/s1-498x705.jpg\" title=\"s1\" alt=\"\" srcset=\"https:\/\/dulger.com.tr\/EN\/wp-content\/uploads\/2023\/01\/s1-498x705.jpg 498w, https:\/\/dulger.com.tr\/EN\/wp-content\/uploads\/2023\/01\/s1-212x300.jpg 212w, https:\/\/dulger.com.tr\/EN\/wp-content\/uploads\/2023\/01\/s1.jpg 595w\" sizes=\"(max-width: 498px) 100vw, 498px\" \/><\/div><\/div><\/figure><\/a><!--end av-masonry entry--><a href=\"https:\/\/dulger.com.tr\/EN\/wp-content\/uploads\/2023\/01\/s2.jpg\"  aria-label=\"image s2\"  id='av-masonry-1-item-972' data-av-masonry-item='972' class='av-masonry-entry isotope-item post-972 attachment type-attachment status-inherit hentry  av-masonry-item-with-image' title=\"\" alt=\"\"   itemprop=\"thumbnailUrl\" ><div class='av-inner-masonry-sizer'><\/div><figure class='av-inner-masonry main_color'><div class=\"av-masonry-outerimage-container\"><div class=\"av-masonry-image-container\" ><img decoding=\"async\" width=\"498\" height=\"705\" class=\"wp-image-972 avia-img-lazy-loading-not-972\"  src=\"https:\/\/dulger.com.tr\/EN\/wp-content\/uploads\/2023\/01\/s2-498x705.jpg\" title=\"s2\" alt=\"\" srcset=\"https:\/\/dulger.com.tr\/EN\/wp-content\/uploads\/2023\/01\/s2-498x705.jpg 498w, https:\/\/dulger.com.tr\/EN\/wp-content\/uploads\/2023\/01\/s2-212x300.jpg 212w, https:\/\/dulger.com.tr\/EN\/wp-content\/uploads\/2023\/01\/s2.jpg 595w\" sizes=\"(max-width: 498px) 100vw, 498px\" \/><\/div><\/div><\/figure><\/a><!--end av-masonry entry--><a href=\"https:\/\/dulger.com.tr\/EN\/wp-content\/uploads\/2023\/01\/s3.jpg\"  aria-label=\"image s3\"  id='av-masonry-1-item-973' data-av-masonry-item='973' class='av-masonry-entry isotope-item post-973 attachment type-attachment status-inherit hentry  av-masonry-item-with-image' title=\"\" alt=\"\"   itemprop=\"thumbnailUrl\" ><div class='av-inner-masonry-sizer'><\/div><figure class='av-inner-masonry main_color'><div class=\"av-masonry-outerimage-container\"><div class=\"av-masonry-image-container\" ><img decoding=\"async\" width=\"498\" height=\"705\" class=\"wp-image-973 avia-img-lazy-loading-not-973\"  src=\"https:\/\/dulger.com.tr\/EN\/wp-content\/uploads\/2023\/01\/s3-498x705.jpg\" title=\"s3\" alt=\"\" srcset=\"https:\/\/dulger.com.tr\/EN\/wp-content\/uploads\/2023\/01\/s3-498x705.jpg 498w, https:\/\/dulger.com.tr\/EN\/wp-content\/uploads\/2023\/01\/s3-212x300.jpg 212w, https:\/\/dulger.com.tr\/EN\/wp-content\/uploads\/2023\/01\/s3.jpg 595w\" sizes=\"(max-width: 498px) 100vw, 498px\" \/><\/div><\/div><\/figure><\/a><!--end av-masonry entry--><a href=\"https:\/\/dulger.com.tr\/EN\/wp-content\/uploads\/2023\/01\/s4.jpg\"  aria-label=\"image s4\"  id='av-masonry-1-item-974' data-av-masonry-item='974' class='av-masonry-entry isotope-item post-974 attachment type-attachment status-inherit hentry  av-masonry-item-with-image' title=\"\" alt=\"\"   itemprop=\"thumbnailUrl\" ><div class='av-inner-masonry-sizer'><\/div><figure class='av-inner-masonry main_color'><div class=\"av-masonry-outerimage-container\"><div class=\"av-masonry-image-container\" ><img decoding=\"async\" width=\"498\" height=\"705\" class=\"wp-image-974 avia-img-lazy-loading-not-974\"  src=\"https:\/\/dulger.com.tr\/EN\/wp-content\/uploads\/2023\/01\/s4-498x705.jpg\" title=\"s4\" alt=\"\" srcset=\"https:\/\/dulger.com.tr\/EN\/wp-content\/uploads\/2023\/01\/s4-498x705.jpg 498w, https:\/\/dulger.com.tr\/EN\/wp-content\/uploads\/2023\/01\/s4-212x300.jpg 212w, https:\/\/dulger.com.tr\/EN\/wp-content\/uploads\/2023\/01\/s4.jpg 595w\" sizes=\"(max-width: 498px) 100vw, 498px\" \/><\/div><\/div><\/figure><\/a><!--end av-masonry entry--><a href=\"https:\/\/dulger.com.tr\/EN\/wp-content\/uploads\/2023\/01\/s5.jpg\"  aria-label=\"image s5\"  id='av-masonry-1-item-975' data-av-masonry-item='975' class='av-masonry-entry isotope-item post-975 attachment type-attachment status-inherit hentry  av-masonry-item-with-image' title=\"\" alt=\"\"   itemprop=\"thumbnailUrl\" ><div class='av-inner-masonry-sizer'><\/div><figure class='av-inner-masonry main_color'><div class=\"av-masonry-outerimage-container\"><div class=\"av-masonry-image-container\" ><img decoding=\"async\" width=\"498\" height=\"705\" class=\"wp-image-975 avia-img-lazy-loading-not-975\"  src=\"https:\/\/dulger.com.tr\/EN\/wp-content\/uploads\/2023\/01\/s5-498x705.jpg\" title=\"s5\" alt=\"\" srcset=\"https:\/\/dulger.com.tr\/EN\/wp-content\/uploads\/2023\/01\/s5-498x705.jpg 498w, https:\/\/dulger.com.tr\/EN\/wp-content\/uploads\/2023\/01\/s5-212x300.jpg 212w, https:\/\/dulger.com.tr\/EN\/wp-content\/uploads\/2023\/01\/s5.jpg 595w\" sizes=\"(max-width: 498px) 100vw, 498px\" \/><\/div><\/div><\/figure><\/a><!--end av-masonry entry--><a href=\"https:\/\/dulger.com.tr\/EN\/wp-content\/uploads\/2023\/01\/s6.jpg\"  aria-label=\"image s6\"  id='av-masonry-1-item-976' data-av-masonry-item='976' class='av-masonry-entry isotope-item post-976 attachment type-attachment status-inherit hentry  av-masonry-item-with-image' title=\"\" alt=\"\"   itemprop=\"thumbnailUrl\" ><div class='av-inner-masonry-sizer'><\/div><figure class='av-inner-masonry main_color'><div class=\"av-masonry-outerimage-container\"><div class=\"av-masonry-image-container\" ><img decoding=\"async\" width=\"498\" height=\"705\" class=\"wp-image-976 avia-img-lazy-loading-not-976\"  src=\"https:\/\/dulger.com.tr\/EN\/wp-content\/uploads\/2023\/01\/s6-498x705.jpg\" title=\"s6\" alt=\"\" srcset=\"https:\/\/dulger.com.tr\/EN\/wp-content\/uploads\/2023\/01\/s6-498x705.jpg 498w, https:\/\/dulger.com.tr\/EN\/wp-content\/uploads\/2023\/01\/s6-212x300.jpg 212w, https:\/\/dulger.com.tr\/EN\/wp-content\/uploads\/2023\/01\/s6.jpg 595w\" sizes=\"(max-width: 498px) 100vw, 498px\" \/><\/div><\/div><\/figure><\/a><!--end av-masonry entry--><a href=\"https:\/\/dulger.com.tr\/EN\/wp-content\/uploads\/2023\/01\/s7.jpg\"  aria-label=\"image s7\"  id='av-masonry-1-item-977' data-av-masonry-item='977' class='av-masonry-entry isotope-item post-977 attachment type-attachment status-inherit hentry  av-masonry-item-with-image' title=\"\" alt=\"\"   itemprop=\"thumbnailUrl\" ><div class='av-inner-masonry-sizer'><\/div><figure class='av-inner-masonry main_color'><div class=\"av-masonry-outerimage-container\"><div class=\"av-masonry-image-container\" ><img decoding=\"async\" width=\"498\" height=\"705\" class=\"wp-image-977 avia-img-lazy-loading-not-977\"  src=\"https:\/\/dulger.com.tr\/EN\/wp-content\/uploads\/2023\/01\/s7-498x705.jpg\" title=\"s7\" alt=\"\" srcset=\"https:\/\/dulger.com.tr\/EN\/wp-content\/uploads\/2023\/01\/s7-498x705.jpg 498w, https:\/\/dulger.com.tr\/EN\/wp-content\/uploads\/2023\/01\/s7-212x300.jpg 212w, https:\/\/dulger.com.tr\/EN\/wp-content\/uploads\/2023\/01\/s7.jpg 595w\" sizes=\"(max-width: 498px) 100vw, 498px\" \/><\/div><\/div><\/figure><\/a><!--end av-masonry entry--><a href=\"https:\/\/dulger.com.tr\/EN\/wp-content\/uploads\/2023\/01\/s8.jpg\"  aria-label=\"image s8\"  id='av-masonry-1-item-978' data-av-masonry-item='978' class='av-masonry-entry isotope-item post-978 attachment type-attachment status-inherit hentry  av-masonry-item-with-image' title=\"\" alt=\"\"   itemprop=\"thumbnailUrl\" ><div class='av-inner-masonry-sizer'><\/div><figure class='av-inner-masonry main_color'><div class=\"av-masonry-outerimage-container\"><div class=\"av-masonry-image-container\" ><img decoding=\"async\" width=\"498\" height=\"705\" class=\"wp-image-978 avia-img-lazy-loading-not-978\"  src=\"https:\/\/dulger.com.tr\/EN\/wp-content\/uploads\/2023\/01\/s8-498x705.jpg\" title=\"s8\" alt=\"\" srcset=\"https:\/\/dulger.com.tr\/EN\/wp-content\/uploads\/2023\/01\/s8-498x705.jpg 498w, https:\/\/dulger.com.tr\/EN\/wp-content\/uploads\/2023\/01\/s8-212x300.jpg 212w, https:\/\/dulger.com.tr\/EN\/wp-content\/uploads\/2023\/01\/s8.jpg 595w\" sizes=\"(max-width: 498px) 100vw, 498px\" \/><\/div><\/div><\/figure><\/a><!--end av-masonry entry--><a href=\"https:\/\/dulger.com.tr\/EN\/wp-content\/uploads\/2023\/01\/s9.jpg\"  aria-label=\"image s9\"  id='av-masonry-1-item-979' data-av-masonry-item='979' class='av-masonry-entry isotope-item post-979 attachment type-attachment status-inherit hentry  av-masonry-item-with-image' title=\"\" alt=\"\"   itemprop=\"thumbnailUrl\" ><div class='av-inner-masonry-sizer'><\/div><figure class='av-inner-masonry main_color'><div class=\"av-masonry-outerimage-container\"><div class=\"av-masonry-image-container\" ><img decoding=\"async\" width=\"498\" height=\"705\" class=\"wp-image-979 avia-img-lazy-loading-not-979\"  src=\"https:\/\/dulger.com.tr\/EN\/wp-content\/uploads\/2023\/01\/s9-498x705.jpg\" title=\"s9\" alt=\"\" srcset=\"https:\/\/dulger.com.tr\/EN\/wp-content\/uploads\/2023\/01\/s9-498x705.jpg 498w, https:\/\/dulger.com.tr\/EN\/wp-content\/uploads\/2023\/01\/s9-212x300.jpg 212w, https:\/\/dulger.com.tr\/EN\/wp-content\/uploads\/2023\/01\/s9.jpg 595w\" sizes=\"(max-width: 498px) 100vw, 498px\" \/><\/div><\/div><\/figure><\/a><!--end av-masonry entry--><\/div><\/div><\/div><\/p>\n<\/div><\/div>\n<\/div><\/p>\n","protected":false},"excerpt":{"rendered":"","protected":false},"author":1,"featured_media":0,"parent":0,"menu_order":0,"comment_status":"closed","ping_status":"closed","template":"","meta":[],"aioseo_notices":[],"_links":{"self":[{"href":"https:\/\/dulger.com.tr\/EN\/wp-json\/wp\/v2\/pages\/515"}],"collection":[{"href":"https:\/\/dulger.com.tr\/EN\/wp-json\/wp\/v2\/pages"}],"about":[{"href":"https:\/\/dulger.com.tr\/EN\/wp-json\/wp\/v2\/types\/page"}],"author":[{"embeddable":true,"href":"https:\/\/dulger.com.tr\/EN\/wp-json\/wp\/v2\/users\/1"}],"replies":[{"embeddable":true,"href":"https:\/\/dulger.com.tr\/EN\/wp-json\/wp\/v2\/comments?post=515"}],"version-history":[{"count":21,"href":"https:\/\/dulger.com.tr\/EN\/wp-json\/wp\/v2\/pages\/515\/revisions"}],"predecessor-version":[{"id":1037,"href":"https:\/\/dulger.com.tr\/EN\/wp-json\/wp\/v2\/pages\/515\/revisions\/1037"}],"wp:attachment":[{"href":"https:\/\/dulger.com.tr\/EN\/wp-json\/wp\/v2\/media?parent=515"}],"curies":[{"name":"wp","href":"https:\/\/api.w.org\/{rel}","templated":true}]}}